{"id":824,"date":"2013-03-13T15:24:04","date_gmt":"2013-03-13T15:24:04","guid":{"rendered":"https:\/\/crs.hi.is\/?page_id=824"},"modified":"2023-05-17T16:04:20","modified_gmt":"2023-05-17T16:04:20","slug":"ingibjorg-jonsdottir","status":"publish","type":"page","link":"https:\/\/crs.hi.is\/?page_id=824","title":{"rendered":"Ingibj\u00f6rg J\u00f3nsd\u00f3ttir"},"content":{"rendered":"<p>Ingibj\u00f6rg J\u00f3nsd\u00f3ttir<\/p>\n<p>Research Topics: \u00a0Sea-ice monitoring and research (real time extent, currents &amp; drift, ice type, concentration); Tephra monitoring and research (real time extent and development, height, concentration, type); Geothermal areas (extent, type, change) and \u00a0Algae monitoring (blooming, extent, type, variability)<\/p>\n<p>Keywords: Sea-Ice, tephra, algaes<\/p>\n<p>Data sets: MODIS, MERIS, NOAA, <a title=\"Envisat\" href=\"https:\/\/crs.hi.is\/?page_id=619\">ENVISAT<\/a>, <a title=\"SPOT5\" href=\"https:\/\/crs.hi.is\/?page_id=546\">SPOT5<\/a>, LANDSAT. Quicksat, AMSR (before SSM\/I), EO-1, <a title=\"ASTER\" href=\"https:\/\/crs.hi.is\/?page_id=446\">ASTER<\/a>,<a title=\"TanDEM-X and TerraSAR-X\" href=\"https:\/\/crs.hi.is\/?page_id=641\"> TERRASAR-X<\/a>,\u00a0aerial photographs from Landm\u00e6lingar, <a title=\"Loftmyndir\" href=\"https:\/\/crs.hi.is\/?page_id=507\">Loftmyndir <\/a>and <a title=\"Sams\u00fdn\" href=\"https:\/\/crs.hi.is\/?page_id=529\">Sams\u00fdn<\/a>.<\/p>\n","protected":false},"excerpt":{"rendered":"<p>Ingibj\u00f6rg J\u00f3nsd\u00f3ttir Research Topics: \u00a0Sea-ice monitoring and research (real time extent, currents &amp; drift, ice type, concentration); Tephra monitoring and research (real time extent and development, height, concentration, type); Geothermal areas (extent, type, change) and \u00a0Algae monitoring (blooming, extent, type, &hellip; <a href=\"https:\/\/crs.hi.is\/?page_id=824\">Continue reading <span class=\"meta-nav\">&rarr;<\/span><\/a><\/p>\n","protected":false},"author":3,"featured_media":0,"parent":12,"menu_order":0,"comment_status":"closed","ping_status":"closed","template":"","meta":{"footnotes":""},"class_list":["post-824","page","type-page","status-publish","hentry"],"_links":{"self":[{"href":"https:\/\/crs.hi.is\/index.php?rest_route=\/wp\/v2\/pages\/824","targetHints":{"allow":["GET"]}}],"collection":[{"href":"https:\/\/crs.hi.is\/index.php?rest_route=\/wp\/v2\/pages"}],"about":[{"href":"https:\/\/crs.hi.is\/index.php?rest_route=\/wp\/v2\/types\/page"}],"author":[{"embeddable":true,"href":"https:\/\/crs.hi.is\/index.php?rest_route=\/wp\/v2\/users\/3"}],"replies":[{"embeddable":true,"href":"https:\/\/crs.hi.is\/index.php?rest_route=%2Fwp%2Fv2%2Fcomments&post=824"}],"version-history":[{"count":3,"href":"https:\/\/crs.hi.is\/index.php?rest_route=\/wp\/v2\/pages\/824\/revisions"}],"predecessor-version":[{"id":1819,"href":"https:\/\/crs.hi.is\/index.php?rest_route=\/wp\/v2\/pages\/824\/revisions\/1819"}],"up":[{"embeddable":true,"href":"https:\/\/crs.hi.is\/index.php?rest_route=\/wp\/v2\/pages\/12"}],"wp:attachment":[{"href":"https:\/\/crs.hi.is\/index.php?rest_route=%2Fwp%2Fv2%2Fmedia&parent=824"}],"curies":[{"name":"wp","href":"https:\/\/api.w.org\/{rel}","templated":true}]}}