{"id":813,"date":"2013-03-07T09:03:17","date_gmt":"2013-03-07T09:03:17","guid":{"rendered":"https:\/\/crs.hi.is\/?page_id=813"},"modified":"2019-04-26T15:47:35","modified_gmt":"2019-04-26T15:47:35","slug":"soil-map","status":"publish","type":"page","link":"https:\/\/crs.hi.is\/?page_id=813","title":{"rendered":"Soil map"},"content":{"rendered":"<p><strong>What is this data ?<\/strong><\/p>\n<p>The soil map includes soil classes according to the Icelandic Soil Classification System. The map was created by the Icelandic Agricultural University (IAU, former Rala) from various sources: wetlands are redrawn from vegetation maps published by the IAU and the Icelandic Institute of Natural History (IINH) in scale 1:500 000, boundaries between vegetated and non\u2013vegetated land were based on an erosion map published by the IAU and the Soil Conservation Service (SCS) (Arnalds et al., 1997) in the scale 1:10 000 and the \u00b4vegetation image\u00b4 created by the National Land Survey (NLS), definition of the distribution of different wetland soil classes was performed by analysing carbon content in soil samples sampled along transects in NW\u2013 and W\u2013Iceland (Arnalds and \u00d3skarsson, 2009). The scale of the soil map is estimated to be ranging from 1:100 000\u2013250 000.<\/p>\n<p><strong>Where is it available ?<\/strong><\/p>\n<p>The data is viewable through the website of the Nytjaland project (The Icelandic Farmland Database) <a href=\"http:\/\/groa.rala.is\/Kortavefsja\/default.aspx\" target=\"_blank\" rel=\"noopener noreferrer\">here<\/a>. \u00a0Along with the soil map, the referred erosion map is also opional for viewing, \u00a0along with the general vegetation map from the Nytjaland project, land use classification and more.<\/p>\n<p><strong>References:<\/strong><\/p>\n<ul>\n<li>Arnalds, \u00d3., and \u00d3skarsson, H., 2009. \u00cdslenskt jar\u00f0vegskort. N\u00e1tt\u00farufr\u00e6\u00f0ingurinn 78 (3\u20134), 107\u2013121.<\/li>\n<li>Arnalds, \u00d3., \u00d3skarsson, H., G\u00edslad\u00f3ttir, F., Gr\u00e9tarsson, E., 2009. Jar\u00f0vegskort af \u00cdslandi. Landb\u00fana\u00f0arh\u00e1sk\u00f3li \u00cdslands, Reykjav\u00edk. <a href=\"http:\/\/www.lbhi.is\/jardvegsstofa\">www.lbhi.is\/jardvegsstofa<\/a><\/li>\n<li>Arnalds, \u00d3., \u00de\u00f3rarinsd\u00f3ttir, E.F., Met\u00fasalemsson, S., J\u00f3nsson, \u00c1., Gr\u00e9tarsson, E., \u00c1rnason, A., 1997. Jar\u00f0vegsrof \u00e1 \u00cdslandi (Soil erosion in Iceland). Landgr\u00e6\u00f0sla r\u00edkisins and Ranns\u00f3knastofnun landb\u00fana\u00f0arins.<\/li>\n<\/ul>\n<p><strong>\u00a0Users:<\/strong><\/p>\n<ul>\n<li><\/li>\n<\/ul>\n","protected":false},"excerpt":{"rendered":"<p>What is this data ? The soil map includes soil classes according to the Icelandic Soil Classification System. The map was created by the Icelandic Agricultural University (IAU, former Rala) from various sources: wetlands are redrawn from vegetation maps published &hellip; <a href=\"https:\/\/crs.hi.is\/?page_id=813\">Continue reading <span class=\"meta-nav\">&rarr;<\/span><\/a><\/p>\n","protected":false},"author":3,"featured_media":0,"parent":400,"menu_order":0,"comment_status":"closed","ping_status":"closed","template":"","meta":{"footnotes":""},"class_list":["post-813","page","type-page","status-publish","hentry"],"_links":{"self":[{"href":"https:\/\/crs.hi.is\/index.php?rest_route=\/wp\/v2\/pages\/813","targetHints":{"allow":["GET"]}}],"collection":[{"href":"https:\/\/crs.hi.is\/index.php?rest_route=\/wp\/v2\/pages"}],"about":[{"href":"https:\/\/crs.hi.is\/index.php?rest_route=\/wp\/v2\/types\/page"}],"author":[{"embeddable":true,"href":"https:\/\/crs.hi.is\/index.php?rest_route=\/wp\/v2\/users\/3"}],"replies":[{"embeddable":true,"href":"https:\/\/crs.hi.is\/index.php?rest_route=%2Fwp%2Fv2%2Fcomments&post=813"}],"version-history":[{"count":3,"href":"https:\/\/crs.hi.is\/index.php?rest_route=\/wp\/v2\/pages\/813\/revisions"}],"predecessor-version":[{"id":1281,"href":"https:\/\/crs.hi.is\/index.php?rest_route=\/wp\/v2\/pages\/813\/revisions\/1281"}],"up":[{"embeddable":true,"href":"https:\/\/crs.hi.is\/index.php?rest_route=\/wp\/v2\/pages\/400"}],"wp:attachment":[{"href":"https:\/\/crs.hi.is\/index.php?rest_route=%2Fwp%2Fv2%2Fmedia&parent=813"}],"curies":[{"name":"wp","href":"https:\/\/api.w.org\/{rel}","templated":true}]}}