{"id":797,"date":"2013-03-06T09:47:08","date_gmt":"2013-03-06T09:47:08","guid":{"rendered":"https:\/\/crs.hi.is\/?page_id=797"},"modified":"2023-05-17T15:47:51","modified_gmt":"2023-05-17T15:47:51","slug":"links","status":"publish","type":"page","link":"https:\/\/crs.hi.is\/?page_id=797","title":{"rendered":"Links"},"content":{"rendered":"<p>Data portals:<\/p>\n<ul>\n<li><a href=\"http:\/\/isor.is\">IS\u00d3R: Icelandic Geosurvey<\/a>\n<ul>\n<li><a href=\"http:\/\/jardfraedikort.is\">Geological Map<\/a><\/li>\n<\/ul>\n<\/li>\n<li><a href=\"http:\/\/lmi.is\">Landm\u00e6lingar \u00cdslands:\u00a0National Land Survey of Iceland:<\/a> Responsible for distribution of geodata\n<ul>\n<li><a href=\"https:\/\/kortasja.lmi.is\">Map viewer<\/a><\/li>\n<li><a href=\"https:\/\/ornefnasja.lmi.is\">Place names<\/a><\/li>\n<\/ul>\n<\/li>\n<li>Loftmyndir ehf:\n<ul>\n<li><a href=\"http:\/\/map.is\/base\/\">Aerial Images<\/a><\/li>\n<\/ul>\n<\/li>\n<li><a href=\"https:\/\/ni.is\">N\u00e1tt\u00farufr\u00e6\u00f0ustofnun Islands (Icelandic Institute of Natural History)<\/a>\n<ul>\n<li><a href=\"https:\/\/ni.is\/midlun\/utgafa\/kort\/jardfraedikort\"> Geological Maps<\/a><\/li>\n<li><a href=\"https:\/\/ni.is\/midlun\/utgafa\/kort\/grodurkort\">Vegetation Maps<\/a><\/li>\n<li><a href=\"http:\/\/vistgerdakort.ni.is\">Habitat Map<\/a><\/li>\n<\/ul>\n<\/li>\n<li><a href=\"https:\/\/nea.is\">Orkustofnun: National Energy Authority\u00a0<\/a>\n<ul>\n<li><a href=\"http:\/\/www.orkuvefsja.is\/vefsja\/orkuvefsja.html\" target=\"_blank\" rel=\"noopener noreferrer\"> Iceland Energy Portal<\/a><\/li>\n<\/ul>\n<\/li>\n<li>Sams\u00fdn ehf\n<ul>\n<li><a href=\"https:\/\/ja.is\/kort\/?type=aerial&amp;x=520034&amp;y=497164&amp;z=1\">Aerial Images<\/a><\/li>\n<\/ul>\n<\/li>\n<\/ul>\n<p>Forums:<\/p>\n<ul>\n<li><a href=\"http:\/\/www.fjarkonnunarfelag.is\">Fjark\u00f6nnunarf\u00e9lag \u00cdslands<\/a>: \u00a0Association forremote sensing in Iceland<\/li>\n<li><a href=\"http:\/\/www.landupplysingar.is\/\" target=\"_blank\" rel=\"noopener noreferrer\">L\u00cdSA:<\/a>\u00a0\u00a0Association for geographical information systems and databases.<\/li>\n<\/ul>\n<p>Past CRS Remote Sensing Lectures<\/p>\n<ul>\n<li><a href=\"https:\/\/www.youtube.com\/watch?v=DrwByNVnv2s\"><strong>Rocco Sedona, PhD student\u00a0 \u00a0 \u00a0 \u00a0 \u00a0 \u00a0 \u00a0 \u00a0 \u00a0 \u00a0 \u00a0 \u00a0 \u00a0 \u00a0 \u00a0 \u00a0 \u00a0 \u00a0 \u00a0 \u00a0 \u00a0 \u00a0 \u00a0 \u00a0 \u00a0 \u00a0 \u00a0 \u00a0 \u00a0 \u00a0 \u00a0 \u00a0 \u00a0 \u00a0 \u00a0 \u00a0 \u00a0 \u00a0 \u00a0 <\/strong>Towards a scalable framework for frequent update of land cover maps<\/a><\/li>\n<li><strong><a href=\"https:\/\/www.youtube.com\/watch?v=TB-b2F7MCL4\">Peder Klith B\u00f8cher, Scalable Algorithmics &#8211; SCALGO\u00a0 \u00a0 \u00a0 \u00a0 \u00a0 \u00a0 \u00a0 \u00a0 \u00a0 \u00a0 \u00a0 \u00a0 \u00a0 \u00a0 \u00a0 \u00a0 \u00a0 \u00a0<\/a><\/strong><a href=\"https:\/\/www.youtube.com\/watch?v=TB-b2F7MCL4\">SCALGO Live &#8211; a new tool for exploring terrain data and flood modeling on Iceland<\/a><\/li>\n<li><a href=\"https:\/\/www.youtube.com\/watch?v=1kMhL2qJ2cU\"><strong>Simon Hennig, AIRBUS \u00a0 \u00a0 \u00a0 \u00a0 \u00a0 \u00a0 \u00a0 \u00a0 \u00a0 \u00a0 \u00a0 \u00a0 \u00a0 \u00a0 \u00a0 \u00a0 \u00a0 \u00a0 \u00a0 \u00a0 \u00a0 \u00a0 \u00a0 \u00a0 \u00a0 \u00a0 \u00a0 \u00a0 \u00a0 \u00a0 \u00a0 \u00a0 \u00a0 \u00a0 \u00a0 \u00a0 \u00a0 \u00a0 \u00a0 \u00a0 \u00a0 \u00a0 \u00a0 \u00a0 \u00a0 <\/strong>Many worlds from above: an overview of the Airbus satellite EO Satellite fleet<\/a><\/li>\n<li><a href=\"https:\/\/www.youtube.com\/watch?v=khWiRkx6too\"><strong>Birgir V. \u00d3skarsson, The Institute of Natural Science in Iceland \u00a0 \u00a0 \u00a0 \u00a0 \u00a0 \u00a0 \u00a0 \u00a0 \u00a0 \u00a0 \u00a0 \u00a0 \u00a0 \u00a0<\/strong>3D\u00a0mapping and photo-geology at the Icelandic Institute of Natural History<\/a><\/li>\n<li><a href=\"https:\/\/youtu.be\/s2Srd8BUbMg\"><strong>Gunnar Haukur Kristinsson, National Land Survey of Iceland \u00a0 \u00a0 \u00a0 \u00a0 \u00a0 \u00a0 \u00a0 \u00a0 \u00a0 \u00a0 \u00a0 \u00a0 \u00a0<\/strong>Status and access ofairborne, satellite and drone imageryof Iceland<\/a><\/li>\n<li><a href=\"https:\/\/hi.cloud.panopto.eu\/Panopto\/Pages\/Viewer.aspx?id=232d6a91-17dc-4ba1-8fd1-ab5f00baeaff\"><strong>Vincent Drouin, ISOR \u00a0 \u00a0 \u00a0 \u00a0 \u00a0 \u00a0 \u00a0 \u00a0 \u00a0 \u00a0 \u00a0 \u00a0 \u00a0 \u00a0 \u00a0 \u00a0 \u00a0 \u00a0 \u00a0 \u00a0 \u00a0 \u00a0 \u00a0 \u00a0 \u00a0 \u00a0 \u00a0 \u00a0 \u00a0 \u00a0 \u00a0 \u00a0 \u00a0 \u00a0 \u00a0 \u00a0 \u00a0 \u00a0 \u00a0 \u00a0 \u00a0 \u00a0 \u00a0 \u00a0 \u00a0 \u00a0<\/strong>InSAR: Interferometric Synthetic Aperture Radar. How and what for?<\/a><\/li>\n<li><a href=\"https:\/\/hi.cloud.panopto.eu\/Panopto\/Pages\/Viewer.aspx?id=31671f6b-d799-4b16-a6a3-ab52009b4645\"><strong>Muhammad Aufaristama \u00a0 \u00a0 \u00a0 \u00a0 \u00a0 \u00a0 \u00a0 \u00a0 \u00a0 \u00a0 \u00a0 \u00a0 \u00a0 \u00a0 \u00a0 \u00a0 \u00a0 \u00a0 \u00a0 \u00a0 \u00a0 \u00a0 \u00a0 \u00a0 \u00a0 \u00a0 \u00a0 \u00a0 \u00a0 \u00a0 \u00a0 \u00a0 \u00a0 \u00a0 \u00a0 \u00a0 \u00a0 \u00a0 \u00a0 \u00a0 \u00a0 \u00a0<\/strong>Deriving physical properties from volcanic products using multi remote sensing techniques and datasets<\/a><\/li>\n<li><a href=\"https:\/\/hi.cloud.panopto.eu\/Panopto\/Pages\/Viewer.aspx?id=0b0f6507-eb45-47ff-b2ce-ab0c0085a68f\"><strong>Eyj\u00f3lfur Magn\u00fasson \u00a0 \u00a0 \u00a0 \u00a0 \u00a0 \u00a0 \u00a0 \u00a0 \u00a0 \u00a0 \u00a0 \u00a0 \u00a0 \u00a0 \u00a0 \u00a0 \u00a0 \u00a0 \u00a0 \u00a0 \u00a0 \u00a0 \u00a0 \u00a0 \u00a0 \u00a0 \u00a0 \u00a0 \u00a0 \u00a0 \u00a0 \u00a0 \u00a0 \u00a0 \u00a0 \u00a0 \u00a0 \u00a0 \u00a0 \u00a0 \u00a0 \u00a0 \u00a0 \u00a0 \u00a0 \u00a0 <\/strong><\/a><a href=\"https:\/\/hi.cloud.panopto.eu\/Panopto\/Pages\/Viewer.aspx?id=a48521e2-2efa-4417-8523-ab1700af38c7\">Remote sensing of glaciers applying various different sensors. Case studies M\u00fdrdalsj\u00f6kull from and Vatnaj\u00f6kull ice cap<\/a><a href=\"https:\/\/hi.cloud.panopto.eu\/Panopto\/Pages\/Viewer.aspx?id=a48521e2-2efa-4417-8523-ab1700af38c7\">s<\/a><\/li>\n<li><a href=\"https:\/\/hi.cloud.panopto.eu\/Panopto\/Pages\/Viewer.aspx?id=0b0f6507-eb45-47ff-b2ce-ab0c0085a68f\"><strong>Darri Ey\u00fe\u00f3rsson \u00a0 \u00a0 \u00a0 \u00a0 \u00a0 \u00a0 \u00a0 \u00a0 \u00a0 \u00a0 \u00a0 \u00a0 \u00a0 \u00a0 \u00a0 \u00a0 \u00a0 \u00a0 \u00a0 \u00a0 \u00a0 \u00a0 \u00a0 \u00a0 \u00a0 \u00a0 \u00a0 \u00a0 \u00a0 \u00a0 \u00a0 \u00a0 \u00a0 \u00a0 \u00a0 \u00a0 \u00a0 \u00a0 \u00a0 \u00a0 \u00a0 \u00a0 \u00a0 \u00a0 \u00a0 \u00a0 \u00a0 \u00a0<\/strong>Estimating changes to global snow resources using MODIS data in Google Earth Engine\u00a0<\/a><\/li>\n<li><a href=\"https:\/\/hi.cloud.panopto.eu\/Panopto\/Pages\/Viewer.aspx?id=744da101-7193-4eb0-8902-aafd00939705\"><strong>Siqi Li \u00a0 \u00a0 \u00a0 \u00a0 \u00a0 \u00a0 \u00a0 \u00a0 \u00a0 \u00a0 \u00a0 \u00a0 \u00a0 \u00a0 \u00a0 \u00a0 \u00a0 \u00a0 \u00a0 \u00a0 \u00a0 \u00a0 \u00a0 \u00a0 \u00a0 \u00a0 \u00a0 \u00a0 \u00a0 \u00a0 \u00a0 \u00a0 \u00a0 \u00a0 \u00a0 \u00a0 \u00a0 \u00a0 \u00a0 \u00a0 \u00a0 \u00a0 \u00a0 \u00a0 \u00a0 \u00a0 \u00a0 \u00a0 \u00a0 \u00a0 \u00a0 \u00a0 \u00a0\u00a0<\/strong>Interferometric Synthetic Aperture Radar &#8211; monitoring ground deformation at volcanoes<\/a><\/li>\n<li><a href=\"https:\/\/hi.cloud.panopto.eu\/Panopto\/Pages\/Viewer.aspx?id=e6e337b2-0537-40b0-b2e7-aaee009edb7c\"><strong>Kolbeinn \u00c1rnarsson \u00a0 \u00a0 \u00a0 \u00a0 \u00a0 \u00a0 \u00a0 \u00a0 \u00a0 \u00a0 \u00a0 \u00a0 \u00a0 \u00a0 \u00a0 \u00a0 \u00a0 \u00a0 \u00a0 \u00a0 \u00a0 \u00a0 \u00a0 \u00a0 \u00a0 \u00a0 \u00a0 \u00a0 \u00a0 \u00a0 \u00a0 \u00a0 \u00a0 \u00a0 \u00a0 \u00a0 \u00a0 \u00a0 \u00a0 \u00a0 \u00a0 \u00a0 \u00a0 \u00a0 \u00a0 \u00a0 \u00a0 \u00a0 \u00a0 \u00a0 \u00a0\u00a0<\/strong>A new aerial thermal scanner \u2013 technique for monitoring active volcanoes and geothermal areas<\/a><\/li>\n<li><a href=\"https:\/\/hi.cloud.panopto.eu\/Panopto\/Pages\/Viewer.aspx?id=2bf9e9df-2a6c-4e9b-84d0-aae2009a0cbf&amp;fbclid=IwAR0BjPBHV46TU57q20yFXEze9KIDDXYs0q1H5VACUKHrzBom9_Zbt6zlEjo\"><strong>Joaquin M.C. Belart \u00a0<\/strong>\u00a0 \u00a0 \u00a0 \u00a0 \u00a0 \u00a0 \u00a0 \u00a0 \u00a0 \u00a0 \u00a0 \u00a0 \u00a0 \u00a0 \u00a0 \u00a0 \u00a0 \u00a0 \u00a0 \u00a0 \u00a0 \u00a0 \u00a0 \u00a0 \u00a0 \u00a0 \u00a0 \u00a0 \u00a0 \u00a0 \u00a0 \u00a0 \u00a0 \u00a0 \u00a0 \u00a0 \u00a0 \u00a0 \u00a0 \u00a0 \u00a0 \u00a0 \u00a0 \u00a0 IcelandDEM: a high resolution, accurate and country-wide mosaic of elevation in Iceland<\/a><\/li>\n<\/ul>\n","protected":false},"excerpt":{"rendered":"<p>Data portals: IS\u00d3R: Icelandic Geosurvey Geological Map Landm\u00e6lingar \u00cdslands:\u00a0National Land Survey of Iceland: Responsible for distribution of geodata Map viewer Place names Loftmyndir ehf: Aerial Images N\u00e1tt\u00farufr\u00e6\u00f0ustofnun Islands (Icelandic Institute of Natural History) Geological Maps Vegetation Maps Habitat Map Orkustofnun: &hellip; <a href=\"https:\/\/crs.hi.is\/?page_id=797\">Continue reading <span class=\"meta-nav\">&rarr;<\/span><\/a><\/p>\n","protected":false},"author":3,"featured_media":0,"parent":0,"menu_order":10,"comment_status":"closed","ping_status":"closed","template":"","meta":{"footnotes":""},"class_list":["post-797","page","type-page","status-publish","hentry"],"_links":{"self":[{"href":"https:\/\/crs.hi.is\/index.php?rest_route=\/wp\/v2\/pages\/797","targetHints":{"allow":["GET"]}}],"collection":[{"href":"https:\/\/crs.hi.is\/index.php?rest_route=\/wp\/v2\/pages"}],"about":[{"href":"https:\/\/crs.hi.is\/index.php?rest_route=\/wp\/v2\/types\/page"}],"author":[{"embeddable":true,"href":"https:\/\/crs.hi.is\/index.php?rest_route=\/wp\/v2\/users\/3"}],"replies":[{"embeddable":true,"href":"https:\/\/crs.hi.is\/index.php?rest_route=%2Fwp%2Fv2%2Fcomments&post=797"}],"version-history":[{"count":30,"href":"https:\/\/crs.hi.is\/index.php?rest_route=\/wp\/v2\/pages\/797\/revisions"}],"predecessor-version":[{"id":2241,"href":"https:\/\/crs.hi.is\/index.php?rest_route=\/wp\/v2\/pages\/797\/revisions\/2241"}],"wp:attachment":[{"href":"https:\/\/crs.hi.is\/index.php?rest_route=%2Fwp%2Fv2%2Fmedia&parent=797"}],"curies":[{"name":"wp","href":"https:\/\/api.w.org\/{rel}","templated":true}]}}