{"id":676,"date":"2013-02-05T14:19:06","date_gmt":"2013-02-05T14:19:06","guid":{"rendered":"https:\/\/crs.hi.is\/?page_id=676"},"modified":"2013-02-05T14:24:04","modified_gmt":"2013-02-05T14:24:04","slug":"historical-records","status":"publish","type":"page","link":"https:\/\/crs.hi.is\/?page_id=676","title":{"rendered":"Historical records"},"content":{"rendered":"<p><strong>What is this data?<\/strong><\/p>\n<p>Geographical information database with information on, Livestock, population, ownership and landcover changes for Austur-Skaftafellss\u00fdsla from settlement. The data is in Lambert conformal conic and datum is ISN93. The data comes from various historical records.<\/p>\n<p><strong>Where is it available ?<\/strong><\/p>\n<p>The creation of this database is a part of<a title=\"Fri\u00f0\u00fe\u00f3r S\u00f3fus Sigurmundsson\" href=\"https:\/\/crs.hi.is\/?page_id=192\"> Fri\u00f0\u00fe\u00f3r S\u00f3fus Sigurmundsson<\/a>s\u00a0Ph.D. project: 1100 years of natural and cultural landscape dynamics south of Vatnaj\u00f6kull. Supervised by\u00a0Gu\u00f0r\u00fan G\u00edslad\u00f3ttir.<\/p>\n<p><strong>Main references:<\/strong><\/p>\n<ol>\n<li>Annales Islandici posteriorum s\u00e6culorum I-VI. (1922-1987). Reykjav\u00edk.<\/li>\n<li>Benediktsson, J. (ed.) 1968. \u00cdslendingab\u00f3k. Landn\u00e1mab\u00f3k, \u00cdslenzk fornrit 1. Hi\u00f0 \u00edslenska fornritaf\u00e9lag, Reykjav\u00edk, Iceland.<\/li>\n<li>Diplomatarium Islandicum (DI). (1857\u20131952). \u00cdslenskt fornbr\u00e9fasafn. 16 vols. of Icelandic documents. S.L. M\u00f6ller and Hi\u00f0 \u00edslenska b\u00f3kmenntaf\u00e9lag, Copenhagen,Denmark, and Reykjav\u00edk, Iceland.<\/li>\n<li>Kirkjueignir \u00e1 \u00cdslandi. (1992). Reykjav\u00edk: Kirkjueignarnefnd.<\/li>\n<li>\u00a0Kristj\u00e1nsson, J. (ed.) (2002). Biskupas\u00f6gur. Reykjav\u00edk: Hi\u00f0 \u00edslenzka fornritaf\u00e9lag.<\/li>\n<li>\u00a0Magn\u00fason, \u00c1. and V\u00eddal\u00edn, P. (1918-1921). Jar\u00f0ab\u00f3k II \u00c1rness\u00fdsla. Kaupmannah\u00f6fn: Hi\u00f0 \u00edslenska fr\u00e6\u00f0af\u00e9lag.<\/li>\n<\/ol>\n<p><strong>\u00a0Users:<\/strong><\/p>\n<ul>\n<li><a title=\"Fri\u00f0\u00fe\u00f3r S\u00f3fus Sigurmundsson\" href=\"https:\/\/crs.hi.is\/?page_id=192\">Fri\u00f0\u00fe\u00f3r S\u00f3fus Sigurmundsson<\/a><\/li>\n<\/ul>\n","protected":false},"excerpt":{"rendered":"<p>What is this data? Geographical information database with information on, Livestock, population, ownership and landcover changes for Austur-Skaftafellss\u00fdsla from settlement. The data is in Lambert conformal conic and datum is ISN93. The data comes from various historical records. Where is &hellip; <a href=\"https:\/\/crs.hi.is\/?page_id=676\">Continue reading <span class=\"meta-nav\">&rarr;<\/span><\/a><\/p>\n","protected":false},"author":3,"featured_media":0,"parent":400,"menu_order":0,"comment_status":"closed","ping_status":"closed","template":"","meta":{"footnotes":""},"_links":{"self":[{"href":"https:\/\/crs.hi.is\/index.php?rest_route=\/wp\/v2\/pages\/676"}],"collection":[{"href":"https:\/\/crs.hi.is\/index.php?rest_route=\/wp\/v2\/pages"}],"about":[{"href":"https:\/\/crs.hi.is\/index.php?rest_route=\/wp\/v2\/types\/page"}],"author":[{"embeddable":true,"href":"https:\/\/crs.hi.is\/index.php?rest_route=\/wp\/v2\/users\/3"}],"replies":[{"embeddable":true,"href":"https:\/\/crs.hi.is\/index.php?rest_route=%2Fwp%2Fv2%2Fcomments&post=676"}],"version-history":[{"count":2,"href":"https:\/\/crs.hi.is\/index.php?rest_route=\/wp\/v2\/pages\/676\/revisions"}],"predecessor-version":[{"id":680,"href":"https:\/\/crs.hi.is\/index.php?rest_route=\/wp\/v2\/pages\/676\/revisions\/680"}],"up":[{"embeddable":true,"href":"https:\/\/crs.hi.is\/index.php?rest_route=\/wp\/v2\/pages\/400"}],"wp:attachment":[{"href":"https:\/\/crs.hi.is\/index.php?rest_route=%2Fwp%2Fv2%2Fmedia&parent=676"}],"curies":[{"name":"wp","href":"https:\/\/api.w.org\/{rel}","templated":true}]}}