{"id":507,"date":"2013-01-14T08:27:35","date_gmt":"2013-01-14T08:27:35","guid":{"rendered":"https:\/\/crs.hi.is\/?page_id=507"},"modified":"2019-04-26T15:35:26","modified_gmt":"2019-04-26T15:35:26","slug":"loftmyndir","status":"publish","type":"page","link":"https:\/\/crs.hi.is\/?page_id=507","title":{"rendered":"Loftmyndir"},"content":{"rendered":"<p><strong>What is this data?<\/strong><\/p>\n<p>Loftmyndir images are aerial images that have been acquired by the company <a href=\"http:\/\/3w.loftmyndir.is\/\" target=\"_blank\" rel=\"noopener noreferrer\">Loftmyndir ehf<\/a>. Images have been acquired each year since 1996 and come with a resolution of either 50cm\/pixel or 15cm\/pixel. Their spatial and temporal distribution can be viewed <a href=\"http:\/\/loftmyndir.is\/k\/kortasja.asp?client=myndmidjur\" target=\"_blank\" rel=\"noopener noreferrer\">here<\/a>, while you can get a preview of available images<a href=\"http:\/\/atlas.lmi.is\/ornefnasja\/\" target=\"_blank\" rel=\"noopener noreferrer\">\u00a0here<\/a>.<\/p>\n<p><strong>Where is it available?<\/strong><\/p>\n<p>The newest images from\u00a0<a href=\"http:\/\/3w.loftmyndir.is\/\" target=\"_blank\" rel=\"noopener noreferrer\">Loftmyndir ehf<\/a>\u00a0can be accessed through University of Iceland.<\/p>\n<p><strong>References:<\/strong><\/p>\n<p><a href=\"http:\/\/3w.loftmyndir.is\/index.php?option=com_content&amp;task=view&amp;id=71&amp;Itemid=60\" target=\"_blank\" rel=\"noopener noreferrer\">http:\/\/3w.loftmyndir.is\/index.php?option=com_content&amp;task=view&amp;id=71&amp;Itemid=60<\/a><\/p>\n<p><strong>\u00a0Users:<\/strong><\/p>\n<ul>\n<li><a title=\"\u00c1sta Rut Hjartard\u00f3ttir\" href=\"https:\/\/crs.hi.is\/?page_id=214\" target=\"_blank\" rel=\"noopener noreferrer\">\u00c1sta Rut Hjartard\u00f3ttir<\/a><\/li>\n<li><a title=\"Fri\u00f0\u00fe\u00f3r S\u00f3fus Sigurmundsson\" href=\"https:\/\/crs.hi.is\/?page_id=192\">Fri\u00f0\u00fe\u00f3r S\u00f3fus Sigurmundsson<\/a><\/li>\n<li><a title=\"Gro B. M. Pedersen\" href=\"https:\/\/crs.hi.is\/?page_id=31\" target=\"_blank\" rel=\"noopener noreferrer\">Gro Birkefeldt M\u00f8ller Pedersen<\/a><\/li>\n<\/ul>\n","protected":false},"excerpt":{"rendered":"<p>What is this data? Loftmyndir images are aerial images that have been acquired by the company Loftmyndir ehf. Images have been acquired each year since 1996 and come with a resolution of either 50cm\/pixel or 15cm\/pixel. Their spatial and temporal &hellip; <a href=\"https:\/\/crs.hi.is\/?page_id=507\">Continue reading <span class=\"meta-nav\">&rarr;<\/span><\/a><\/p>\n","protected":false},"author":3,"featured_media":0,"parent":267,"menu_order":0,"comment_status":"closed","ping_status":"closed","template":"","meta":{"footnotes":""},"_links":{"self":[{"href":"https:\/\/crs.hi.is\/index.php?rest_route=\/wp\/v2\/pages\/507"}],"collection":[{"href":"https:\/\/crs.hi.is\/index.php?rest_route=\/wp\/v2\/pages"}],"about":[{"href":"https:\/\/crs.hi.is\/index.php?rest_route=\/wp\/v2\/types\/page"}],"author":[{"embeddable":true,"href":"https:\/\/crs.hi.is\/index.php?rest_route=\/wp\/v2\/users\/3"}],"replies":[{"embeddable":true,"href":"https:\/\/crs.hi.is\/index.php?rest_route=%2Fwp%2Fv2%2Fcomments&post=507"}],"version-history":[{"count":6,"href":"https:\/\/crs.hi.is\/index.php?rest_route=\/wp\/v2\/pages\/507\/revisions"}],"predecessor-version":[{"id":1242,"href":"https:\/\/crs.hi.is\/index.php?rest_route=\/wp\/v2\/pages\/507\/revisions\/1242"}],"up":[{"embeddable":true,"href":"https:\/\/crs.hi.is\/index.php?rest_route=\/wp\/v2\/pages\/267"}],"wp:attachment":[{"href":"https:\/\/crs.hi.is\/index.php?rest_route=%2Fwp%2Fv2%2Fmedia&parent=507"}],"curies":[{"name":"wp","href":"https:\/\/api.w.org\/{rel}","templated":true}]}}