{"id":228,"date":"2012-10-31T14:39:38","date_gmt":"2012-10-31T14:39:38","guid":{"rendered":"https:\/\/crs.hi.is\/?page_id=228"},"modified":"2012-11-05T15:55:08","modified_gmt":"2012-11-05T15:55:08","slug":"bachelor","status":"publish","type":"page","link":"https:\/\/crs.hi.is\/?page_id=228","title":{"rendered":"Bachelor theses"},"content":{"rendered":"<p><strong>2012<\/strong><\/p>\n<p>Almar Barja.\u00a0Myndun Lambafells: <em>Keywords: Lambafell, Hyaloclastite, Stratigraphy<\/em><\/p>\n<p>Dan\u00edel P\u00e1ll J\u00f3nasson.\u00a0Hraunfl\u00e6\u00f0i \u00e1 h\u00f6fu\u00f0borgarsv\u00e6\u00f0inu: Saga hraunfl\u00e6\u00f0is \u00e1 sv\u00e6\u00f0inu \u00e1 n\u00fat\u00edma og kortlagning m\u00f6gulegra farvega til bygg\u00f0a. K<em>eywords: Lavaflow, Urban area, modeling.<\/em><\/p>\n<p>Fri\u00f0rik \u00d6rn Bjarnason.\u00a0T\u00ed\u00f0ni innbrota eftir gatnaskipulagi \u00e1 h\u00f6fu\u00f0borgarsv\u00e6\u00f0inu \u00e1ri\u00f0 2010: <em>Keywords: Geography, Urban planning, Theft.<\/em><\/p>\n<p>Halld\u00f3r Nj\u00e1lsson.\u00a0Setl\u00f6g og sj\u00e1varsta\u00f0a \u00ed lok \u00edsaldar \u00ed Mi\u00f0fir\u00f0i vi\u00f0 Bakkafl\u00f3a. E.\u00a0Sediments and sea level changes at the end of last ice age Mi\u00f0fj\u00f6r\u00f0ur in Bakkafl\u00f3i: <em>Keywords: Geology, Sediments, Sea level changes,\u00a0<\/em><\/p>\n<p>Hanna Bj\u00f6rg Gu\u00f0mundsd\u00f3ttir.\u00a0\u00datbrei\u00f0sla stafafuru (Pinus contorta) undir Sta\u00f0arfjalli \u00ed Su\u00f0ursveit.\u00a0<em>Keywords: Pinus contorta, Distribution, Su\u00f0ursveit<\/em><\/p>\n<p>Hildur \u00c1g\u00fastsd\u00f3ttir.\u00a0Strandl\u00ednubreytingar fr\u00e1 V\u00edk og austur fyrir Hj\u00f6rleifsh\u00f6f\u00f0a 1904 til 2011: <em>Keywords: Geology<\/em><\/p>\n<p>H\u00f6skuldur \u00deorbjarnarson.\u00a0Breytingar \u00e1 \u00feekju sk\u00f3ga nor\u00f0an N\u00e6furholts \u00e1 Rang\u00e1rv\u00f6llum 1987 &#8211; 2012.\u00a0<em>Keywords: Birch woodland\u00a0<\/em>, <em>vegetation cover. soil erosion<\/em><\/p>\n<p>J\u00f3n Bjarni Fri\u00f0riksson.\u00a0Setger\u00f0, landl\u00f6gun og myndun \u00e1rkeilunnar vi\u00f0 G\u00edgj\u00f6kul: <em>Keywords: Geography, Geomorphology, Stratigraphy, Glacial outburst<\/em><\/p>\n<p>Sigr\u00ed\u00f0ur G. Bj\u00f6rgvinsd\u00f3ttir.\u00a0Gr\u00f3\u00f0urkortlagning og breytingar \u00e1 \u00fatbrei\u00f0slu l\u00fap\u00ednu \u00ed H\u00fasav\u00edkurlandi 1977 til 2007: <em>Keywords: Geography, Lupinus nootkatensis, vegetation mapping<\/em><\/p>\n<p>Steinunn Karlsd\u00f3ttir.\u00a0Stefnur \u00ed landslagi og j\u00f6kulm\u00f3tun \u00e1 h\u00f6fu\u00f0borgarsv\u00e6\u00f0inu: <em>Keywords: Geology, Geomorphology.\u00a0<\/em><\/p>\n<p>Sylv\u00eda Rakel Gu\u00f0j\u00f3nsd\u00f3ttir.\u00a0Ofanfl\u00f3\u00f0 \u00ed kj\u00f6lfar goss \u00ed Eyjafjallaj\u00f6kli 2010: E.\u00a0Formation of sediment gravity flows subsequent to the 2010 eruption in Eyjafjallaj\u00f6kull: <em>Keywords: Geology, The Eyjafjallaj\u00f6kull eruptions, J\u00f6kulhlaup, Mudflow<\/em><\/p>\n<p>\u00deorsteinn \u00c1. \u00deorgeirsson.\u00a0Eldgosav\u00e1 \u00e1 Reykjanesskaga. Skynjun og vi\u00f0horf \u00edb\u00faa \u00ed Grindav\u00edk. <em>Keywords: Volcanoes, Volcanism, Natural hazards<\/em><\/p>\n<p><strong>2011<\/strong><\/p>\n<p>Halld\u00f3r Brynjar \u00der\u00e1insson.\u00a0Sj\u00f3s\u00f3knasv\u00e6\u00f0i F\u00e1skr\u00fa\u00f0sfir\u00f0inga.\u00a0 \u00d6rnefni fiskimi\u00f0a og mi\u00f0 \u00ed landi: Keywords: Geography, Fishing grounds, place-names,<\/p>\n<p>\u00cdvar Gu\u00f0laugur Ingvarsson.\u00a0\u00datbrei\u00f0sla alaskal\u00fap\u00ednu \u00ed \u00d6r\u00e6fum \u00ed austur Skaftafellss\u00fdslu: Keywords: Geography, Lupinus nootkatensis, distribution,<\/p>\n<p>Jaana-Marja Rotinen.\u00a0Mat \u00e1 \u00e1standi vegar um Flj\u00f3tshl\u00ed\u00f0arafr\u00e9tt og n\u00e1nasta umhverfi hans. E.\u00a0Evaluation of the condition of the road through Flj\u00f3tshl\u00ed\u00f0arafr\u00e9ttur and its immediate environment: Keywords: Geography, Environmental assessment, mountain roads, summer pastures<\/p>\n<p>Jakob\u00edna \u00d3sk Sveinsd\u00f3ttir.\u00a0Soil erosion west of Langj\u00f6kull glacier and possible impact of climate change on the area. E.\u00a0Soil erosion west of Langj\u00f6kull glacier and possible impact of climate change on the area:\u00a0<em>Keywords: Geography, Erosion, vegetation mapping, Climate change<\/em><\/p>\n<p>Kristinn Nikul\u00e1s Edvardsson.\u00a0Sagnfr\u00e6\u00f0ileg landuppl\u00fdsingakerfi.\u00a0 Eyrarhreppur hinn forni fr\u00e1 1703 til 1860. E.\u00a0Historical GIS. A study in the ancient parish of Eyrarhreppur from 1703 until 1860: <em>Keywords: Geography, Historical GIS, Local history<\/em><\/p>\n<p>Sigur\u00f0ur \u00d3skar J\u00f3nsson.\u00a0The Sk\u00f3gey area in Hornafj\u00f6r\u00f0ur, SE Iceland. Mapping of land changes.\u00a0<em>Keywords: Geography\u00a0Nesjar, Geomorphology\u00a0.<\/em><\/p>\n<p>Sn\u00e6varr Gu\u00f0mundsson.\u00a0Myrkurkort af h\u00f6fu\u00f0borgarsv\u00e6\u00f0inu. Kortlagning lj\u00f3smengunar yfir Reykjav\u00edk og n\u00e1grenni. E.\u00a0Artificial night sky mapping. Light pollution in Reykjavik area:\u00a0<em>Keywords: Geography, Light pollution, mapping<\/em><\/p>\n<p>Tinna Helgad\u00f3ttir.\u00a0Strandl\u00ednubreytingar \u00e1 \u00c1lftanesi: <em>Keywords: Geography, Levees, erosion,\u00a0<\/em><\/p>\n<p>\u00deorbj\u00f6rg Sigf\u00fasd\u00f3ttir.\u00a0Ofanfl\u00f3\u00f0 \u00ed Sva\u00f0b\u00e6lis\u00e1 \u00ed kj\u00f6lfar goss \u00ed Eyjafjallaj\u00f6kli. E.\u00a0Gravity flow deposition in Svadb\u00e6lis\u00e1 following the Eyjafjallaj\u00f6kull eruption in 2010.\u00a0<em>Keywords: Geology, Eyjafjallaj\u00f6kull eruption, sediments,\u00a0<\/em><\/p>\n<p><strong>2010<\/strong><\/p>\n<p>\u00c1g\u00fast \u00de\u00f3r Gunnlaugsson.\u00a0Breytingar \u00e1 farvegum j\u00f6kul\u00e1a \u00e1 Skei\u00f0ar\u00e1rsandi: 1991\u20132009.\u00a0<em>Keywords: Geography, Glaciology,\u00a0Skei\u00f0ar\u00e1rj\u00f6kull, mapping,<\/em><\/p>\n<p>B\u00f6\u00f0var Sveinsson.\u00a0\u00der\u00f3un og \u00e1hrifa\u00fe\u00e6ttir b\u00faferlaflutninga eldri borgara milli landsv\u00e6\u00f0a \u00e1 \u00e1runum 2000 til 2007: <em>Keywords: Geography, Demography, Migrations, Senior Citizens<\/em><\/p>\n<p>Gu\u00f0mundur Benediktsson.\u00a0Kortlagning \u00f6rnefna \u00e1 j\u00f6r\u00f0um \u00ed Leir\u00e1rsveit: var\u00f0veisla og mi\u00f0lun \u00f6rnefna \u00ed landuppl\u00fdsingakerfum. <em>Keywords: Geography, Historical GIS place-names<\/em><\/p>\n<p>Ei\u00f0ur Kristinn Ei\u00f0sson.\u00a0Mapping population density using the Iceland Grid.\u00a0<em>Keywords:Geography, Density, population mapping<\/em><\/p>\n<p>Einar Hj\u00f6rleifsson.\u00a0Vi\u00f0brag\u00f0st\u00edmi l\u00f6greglunnar \u00e1 Su\u00f0urnesjum: L\u00edkan unni\u00f0 \u00fat fr\u00e1 landuppl\u00fdsingum.\u00a0<em>Keywords: Geography, Police GIS,\u00a0<\/em><\/p>\n<p>Helga Mar\u00eda Hei\u00f0arsd\u00f3ttir.\u00a0Kornast\u00e6r\u00f0argreining vatnasets fr\u00e1 s\u00ed\u00f0ustu 2000 \u00e1rum \u00far Brei\u00f0avatni \u00ed Borgarfir\u00f0i. <em>Keywords: Sediments, Environmental changes, grain size, Brei\u00f0avatn<\/em><\/p>\n<p>Hilmar \u00de\u00f3r Sm\u00e1rason.\u00a0Kortlagning \u00e1 rj\u00fapnavei\u00f0isv\u00e6\u00f0um.\u00a0<em>Keywords:Ptarmigan\u00a0<\/em><\/p>\n<p>Sigr\u00ed\u00f0ur Magn\u00fasd\u00f3ttir.\u00a0Jar\u00f0hnik \u00ed Kelduhverfi. <em>Keywords: Geology, Crustal deformation, Kelduhverfi<\/em><\/p>\n<p><strong>2009<\/strong><\/p>\n<p>Dav\u00ed\u00f0 P\u00e9tur Steinarsson.\u00a0\u00dej\u00f3\u00f0sagnatengd \u00f6rnefni \u00ed \u00c1lftafir\u00f0i vi\u00f0 Dj\u00fap. <em>Keywords: Geography, Historical GIS, Place-names<\/em><\/p>\n<p>K\u00e1ri Gunnarsson.\u00a0Metan \u00far landb\u00fana\u00f0ar\u00fargangi forsendur fyrir sta\u00f0setningu gerjunarst\u00f6\u00f0va \u00e1 Su\u00f0urlandi. <em>Keywords: Geography, Agriculture, orginic waste,<\/em><\/p>\n<p>Kjartan Dav\u00ed\u00f0 Sigur\u00f0sson.\u00a0Landslagsgreining og skipulag \u00ed Kj\u00f3sarhreppi.\u00a0<em>Keywords: Geography, Landscape assessment, planning,<\/em><\/p>\n<p><strong>2008<\/strong><\/p>\n<p>Atli M\u00e1r \u00deorgr\u00edmsson. <em>Keywords:City<\/em><\/p>\n<p>Fri\u00f0\u00fe\u00f3r S\u00f3fus Sigurmundsson. Breytingar \u00e1 \u00feekju birkisk\u00f3ga \u00ed n\u00e1grenni Heklub\u00e6ja 1987-2008.\u00a0<em>Keywords: Woodlands\u00a0<\/em><\/p>\n<p>Ingunn \u00d3sk \u00c1rnad\u00f3ttir.\u00a0Framt\u00ed\u00f0 Gerpissv\u00e6\u00f0isins &#8211; Till\u00f6gur a\u00f0 landnotkun<\/p>\n","protected":false},"excerpt":{"rendered":"<p>2012 Almar Barja.\u00a0Myndun Lambafells: Keywords: Lambafell, Hyaloclastite, Stratigraphy Dan\u00edel P\u00e1ll J\u00f3nasson.\u00a0Hraunfl\u00e6\u00f0i \u00e1 h\u00f6fu\u00f0borgarsv\u00e6\u00f0inu: Saga hraunfl\u00e6\u00f0is \u00e1 sv\u00e6\u00f0inu \u00e1 n\u00fat\u00edma og kortlagning m\u00f6gulegra farvega til bygg\u00f0a. Keywords: Lavaflow, Urban area, modeling. Fri\u00f0rik \u00d6rn Bjarnason.\u00a0T\u00ed\u00f0ni innbrota eftir gatnaskipulagi \u00e1 h\u00f6fu\u00f0borgarsv\u00e6\u00f0inu \u00e1ri\u00f0 2010: &hellip; <a href=\"https:\/\/crs.hi.is\/?page_id=228\">Continue reading <span class=\"meta-nav\">&rarr;<\/span><\/a><\/p>\n","protected":false},"author":3,"featured_media":0,"parent":219,"menu_order":3,"comment_status":"closed","ping_status":"closed","template":"","meta":{"footnotes":""},"_links":{"self":[{"href":"https:\/\/crs.hi.is\/index.php?rest_route=\/wp\/v2\/pages\/228"}],"collection":[{"href":"https:\/\/crs.hi.is\/index.php?rest_route=\/wp\/v2\/pages"}],"about":[{"href":"https:\/\/crs.hi.is\/index.php?rest_route=\/wp\/v2\/types\/page"}],"author":[{"embeddable":true,"href":"https:\/\/crs.hi.is\/index.php?rest_route=\/wp\/v2\/users\/3"}],"replies":[{"embeddable":true,"href":"https:\/\/crs.hi.is\/index.php?rest_route=%2Fwp%2Fv2%2Fcomments&post=228"}],"version-history":[{"count":19,"href":"https:\/\/crs.hi.is\/index.php?rest_route=\/wp\/v2\/pages\/228\/revisions"}],"predecessor-version":[{"id":245,"href":"https:\/\/crs.hi.is\/index.php?rest_route=\/wp\/v2\/pages\/228\/revisions\/245"}],"up":[{"embeddable":true,"href":"https:\/\/crs.hi.is\/index.php?rest_route=\/wp\/v2\/pages\/219"}],"wp:attachment":[{"href":"https:\/\/crs.hi.is\/index.php?rest_route=%2Fwp%2Fv2%2Fmedia&parent=228"}],"curies":[{"name":"wp","href":"https:\/\/api.w.org\/{rel}","templated":true}]}}