{"id":226,"date":"2012-10-31T14:39:19","date_gmt":"2012-10-31T14:39:19","guid":{"rendered":"https:\/\/crs.hi.is\/?page_id=226"},"modified":"2019-08-13T15:31:02","modified_gmt":"2019-08-13T15:31:02","slug":"master","status":"publish","type":"page","link":"https:\/\/crs.hi.is\/?page_id=226","title":{"rendered":"Master theses"},"content":{"rendered":"<p><strong>2019<\/strong><\/p>\n<p><a href=\"https:\/\/skemman.is\/handle\/1946\/33203\">Alexander Thomas Merrington. Time series analysis of Hekla lava vegetation progress: Landsat data evaluation utility<\/a><\/p>\n<p><a href=\"https:\/\/skemman.is\/handle\/1946\/33508\">Markus Thomas Koleszar. Flat-topped volcanic edifices in Vonarskar\u00f0, Central Iceland, and on the Kolbeinsey Ridge<\/a><\/p>\n<p><a href=\"https:\/\/skemman.is\/handle\/1946\/32348\">Mervi Orvokki Luoma. Distribution of Anthriscus sylvestris and Myrrhis odorata within open areas of Reykjav\u00edk, Iceland<\/a><\/p>\n<p><strong>2018<\/strong><\/p>\n<p><a href=\"https:\/\/skemman.is\/handle\/1946\/29516\">Luc\u00eda Magali Ram\u00edrez Gonz\u00e1lez. Remote sensing of surface hydrothermal alteration, identification of minerals and thermal anomalies at Sveifluh\u00e1ls-Kr\u00fdsuv\u00edk high-temperature geothermal field, SW Iceland.<\/a><\/p>\n<p><a class=\"author discreet\" href=\"https:\/\/skemman.is\/handle\/1946\/30605\">Magn\u00fas Freyr Sigurkarlsson. ost-surge structural glaciology of the ice margin of M\u00falaj\u00f6kull, central Iceland, and composition and distribution of geometric ridges in the forefield<\/a><\/p>\n<p><strong>2017<\/strong><\/p>\n<p><a href=\"https:\/\/skemman.is\/handle\/1946\/26725\">Daniel Ben-Yehoshua. Crevasse-Squeeze Ridges in Trygghamna, Svalbard<\/a><\/p>\n<p><strong>2015<\/strong><\/p>\n<p><a href=\"https:\/\/skemman.is\/handle\/1946\/21734\">David Ostman. A New Approach to Assessing Landscape Impacts of Geothermal Power Plants: A Case Study of Hellisheidi<\/a><\/p>\n<p><a href=\"https:\/\/skemman.is\/handle\/1946\/21584\">Muhammad Aufaristama. Mapping and Assessing Surface Morphology of Holocene Lava Flow in Krafla, NE Iceland, Using Remote Sensing<\/a><\/p>\n<p><strong>2014<\/strong><\/p>\n<p><a href=\"https:\/\/skemman.is\/handle\/1946\/18739\">Carolina Banul. Bathymetry of Reykjanes Ridge: A methodological approach\u00a0<\/a><\/p>\n<p><a href=\"https:\/\/skemman.is\/handle\/1946\/18604\">Sn\u00e6varr Gu\u00f0mundsson. Reconstruction of late 19th century geometry of Kot\u00e1rj\u00f6kull and Brei\u00f0amerkurj\u00f6kull in SE-Iceland and comparison with the present<\/a><\/p>\n<p><strong>2013<\/strong><\/p>\n<p><a href=\"https:\/\/skemman.is\/handle\/1946\/15664\">Frosti P\u00e1lsson. Pansharpening and Classification of Pansharpened Images<\/a><\/p>\n<p><a href=\"https:\/\/skemman.is\/handle\/1946\/16233\">Ryan Dillon. Processing Remote Sensing Data with Python<\/a><\/p>\n<p><strong>2012<\/strong><\/p>\n<p><a href=\"https:\/\/skemman.is\/handle\/1946\/13001\">Au\u00f0ur Agla \u00d3lad\u00f3ttir. Application of soil measurements and remote sensing for monitoring changes in geothermal surface activity in the Reykjanes field, Iceland<\/a><\/p>\n<p><a href=\"https:\/\/skemman.is\/handle\/1946\/13258\"><span lang=\"PL\">Gunnhildur Ingibj\u00f6rg Georgsd\u00f3ttir. \u00a0<\/span><span lang=\"IS\">Sandfok \u00e1 \u00cdslandi 2002 &#8211; 2011. T\u00ed\u00f0ni, upptakasv\u00e6\u00f0i og ve\u00f0ura\u00f0st\u00e6\u00f0ur<\/span><span lang=\"IS\">. MS thesis, University of Iceland.<\/span><\/a><\/p>\n<p>Gy\u00f0a \u00de\u00f3rhallsd\u00f3ttir.\u00a0Upplifun og vi\u00f0horf gesta til \u00fativistar \u00ed Vatnaj\u00f6kuls\u00fej\u00f3\u00f0gar\u00f0i<\/p>\n<p>Kjartan Dav\u00ed\u00f0 Sigur\u00f0sson.\u00a0Greining landslags \u00ed skipulagsvinnu \u00e1 \u00cdslandi<\/p>\n<p>Sveinborg Hl\u00edf Gunnarsd\u00f3ttir.\u00a0Jar\u00f0fr\u00e6\u00f0i og ummyndun \u00ed n\u00e1grenni Reykjafells \u00e1 Hellishei\u00f0i<\/p>\n<p>\u00de\u00f3rhildur Bj\u00f6rnsd\u00f3ttir.\u00a0The fissure swarms of Tungnafellsj\u00f6kull: recent movements<\/p>\n<p><strong>2011<\/strong><\/p>\n<p><a href=\"https:\/\/skemman.is\/handle\/1946\/7407\">Bjarki Friis. Late Holocene Glacial History of S\u00f3lheimaj\u00f6kull, Southern Iceland<\/a><\/p>\n<p>Eygl\u00f3 \u00d3lafsd\u00f3ttir.\u00a0Myndun og \u00fer\u00f3un kr\u00e1kust\u00edgs\u00e1sa vi\u00f0 Eyjabakkaj\u00f6kul<\/p>\n<p><a href=\"https:\/\/skemman.is\/handle\/1946\/8563\">Fri\u00f0\u00fe\u00f3r S\u00f3fus Sigurmundsson.\u00a0Decline of birch woodland in \u00dej\u00f3rs\u00e1rdalur from 1587 to 1938.<em> Keywords: Historical GIS, Woodlands<\/em><\/a><\/p>\n<p>Helga Margr\u00e9t Helgad\u00f3ttir.\u00a0Berggrunnur og jar\u00f0hitaummyndun Gr\u00e1uhn\u00fakakerfis \u00e1 sunnanver\u00f0u Hengilssv\u00e6\u00f0i<\/p>\n<p>Helgi P\u00e1ll J\u00f3nsson.\u00a0Eldfjallagar\u00f0ur og jar\u00f0minjasv\u00e6\u00f0i \u00e1 Reykjanesskaga<\/p>\n<p>Lilja Laufey Dav\u00ed\u00f0sd\u00f3ttir.\u00a0Gildi loftmynda \u00ed fornleifaranns\u00f3knum. <em>Keywords: Aerial photographs<\/em><\/p>\n<p>M\u00e1lfr\u00ed\u00f0ur \u00d3marsd\u00f3ttir.\u00a0Fylgni j\u00f6kulspor\u00f0abreytinga \u00e1 Hofsj\u00f6kli og ve\u00f0urfarsbreytinga \u00e1 \u00cdslandi<\/p>\n<p>Sandra \u00d3sk Sn\u00e6bj\u00f6rnsd\u00f3ttir.\u00a0Jar\u00f0fr\u00e6\u00f0i og jar\u00f0hitaummyndun vi\u00f0 vesturja\u00f0ar sigd\u00e6ldar Hengils<\/p>\n<p>Sveinn Brynj\u00f3lfsson.\u00a0\u00c1hrif ve\u00f0urs og landslags \u00e1 snj\u00f3fl\u00f3\u00f0 \u00ed Svarfa\u00f0ardal og n\u00e1grenni, e\u00f0li \u00feeirra og umfang<\/p>\n<p>Stein\u00fe\u00f3r N\u00edelsson.\u00a0Jar\u00f0fr\u00e6\u00f0i og ummyndun \u00ed jar\u00f0hitakerfinu vi\u00f0 Hverahl\u00ed\u00f0 \u00e1 Hellishei\u00f0i<\/p>\n<p>Viktoria Frances Taylor.\u00a0GIS assessment of Icelandic wilderness from 1936 to 2010<\/p>\n<p><strong>2010<\/strong><\/p>\n<p>Birgir Vilhelm \u00d3skarsson.\u00a0The Skerin ridge on Eyjafjallaj\u00f6kull, south Iceland: morphology and magma-ice interaction in an ice-confined silicic fissure eruption<\/p>\n<p>Jorge Eduardo Montalvo Morales.\u00a0Hazard assessment and risk mitigation for tourists at Hekla volcano, south Iceland<\/p>\n<p>Kristinn \u00d3lafur Kristinsson.\u00a0Hrygningag\u00f6ngur, hrygningarsta\u00f0ir og afkoma laxa \u00ed Lax\u00e1 \u00ed A\u00f0aldal og \u00fever\u00e1m hennar<\/p>\n<p><strong>2009<\/strong><\/p>\n<p>Sigur\u00f0ur Gar\u00f0ar Kristinsson.\u00a0Hvalfjar\u00f0armegineldst\u00f6\u00f0in, upphle\u00f0sla, h\u00f6ggun og ummyndun<\/p>\n<p>Skafti Brynj\u00f3lfsson.\u00a0E\u00f0li og eiginleikar sm\u00e1rra framhlaupsj\u00f6kla \u00e1 Tr\u00f6llaskaga. B\u00farfellsj\u00f6kull og Teigarj\u00f6kull.<\/p>\n<p>Sverrir A\u00f0alsteinn J\u00f3nsson.\u00a0Vegetation history of Flj\u00f3tsdalsh\u00e9ra\u00f0 during the last 2000 years.\u00a0 A palynological study.<\/p>\n<p><strong>2008<\/strong><\/p>\n<p>Anna Lilja Oddsd\u00f3ttir.\u00a0\u201eUndur yfir dundu\u201c \u00e1hrif K\u00f6tlugossing 1918 \u00e1 bygg\u00f0 og samf\u00e9lag \u00ed vestur Skaftafellss\u00fdslu<\/p>\n<p>Sigr\u00ed\u00f0ur \u00d3lafsd\u00f3ttir.\u00a0Skerjafj\u00f6r\u00f0ur \u2013 \u00e1stand, stj\u00f3rnun og sj\u00e1lfb\u00e6r n\u00fdting<\/p>\n","protected":false},"excerpt":{"rendered":"<p>2019 Alexander Thomas Merrington. Time series analysis of Hekla lava vegetation progress: Landsat data evaluation utility Markus Thomas Koleszar. Flat-topped volcanic edifices in Vonarskar\u00f0, Central Iceland, and on the Kolbeinsey Ridge Mervi Orvokki Luoma. Distribution of Anthriscus sylvestris and Myrrhis &hellip; <a href=\"https:\/\/crs.hi.is\/?page_id=226\">Continue reading <span class=\"meta-nav\">&rarr;<\/span><\/a><\/p>\n","protected":false},"author":3,"featured_media":0,"parent":219,"menu_order":2,"comment_status":"closed","ping_status":"closed","template":"","meta":{"footnotes":""},"class_list":["post-226","page","type-page","status-publish","hentry"],"_links":{"self":[{"href":"https:\/\/crs.hi.is\/index.php?rest_route=\/wp\/v2\/pages\/226","targetHints":{"allow":["GET"]}}],"collection":[{"href":"https:\/\/crs.hi.is\/index.php?rest_route=\/wp\/v2\/pages"}],"about":[{"href":"https:\/\/crs.hi.is\/index.php?rest_route=\/wp\/v2\/types\/page"}],"author":[{"embeddable":true,"href":"https:\/\/crs.hi.is\/index.php?rest_route=\/wp\/v2\/users\/3"}],"replies":[{"embeddable":true,"href":"https:\/\/crs.hi.is\/index.php?rest_route=%2Fwp%2Fv2%2Fcomments&post=226"}],"version-history":[{"count":19,"href":"https:\/\/crs.hi.is\/index.php?rest_route=\/wp\/v2\/pages\/226\/revisions"}],"predecessor-version":[{"id":1764,"href":"https:\/\/crs.hi.is\/index.php?rest_route=\/wp\/v2\/pages\/226\/revisions\/1764"}],"up":[{"embeddable":true,"href":"https:\/\/crs.hi.is\/index.php?rest_route=\/wp\/v2\/pages\/219"}],"wp:attachment":[{"href":"https:\/\/crs.hi.is\/index.php?rest_route=%2Fwp%2Fv2%2Fmedia&parent=226"}],"curies":[{"name":"wp","href":"https:\/\/api.w.org\/{rel}","templated":true}]}}