{"id":214,"date":"2012-10-24T11:54:32","date_gmt":"2012-10-24T11:54:32","guid":{"rendered":"https:\/\/crs.hi.is\/?page_id=214"},"modified":"2023-05-17T15:59:12","modified_gmt":"2023-05-17T15:59:12","slug":"asta-rut-hjartardottir","status":"publish","type":"page","link":"https:\/\/crs.hi.is\/?page_id=214","title":{"rendered":"\u00c1sta Rut Hjartard\u00f3ttir"},"content":{"rendered":"<p><a href=\"http:\/\/uni.hi.is\/astahj\/en\/\">\u00c1sta Rut Hjartard\u00f3ttir<\/a><\/p>\n<p>Research Topics: Mapping of fractures and eruptive fissures in:<\/p>\n<ul>\n<li>The Central Iceland Volcanic Zone, Iceland (Current project).<\/li>\n<li>The Northern Volcanic Rift Zone<\/li>\n<li>The Western Volcanic Zone<\/li>\n<\/ul>\n<p>Other projects: Levelling measurements (especially near Hekla volcano), and GPS geodetic monitoring (i.e. Central Iceland Volcanic Zone, \u00d6r\u00e6faj\u00f6kull)<\/p>\n<p>Keywords:\u00a0Volcanoes, rift zones, fissure swarms, fracture mapping, eruptive fissures<\/p>\n<p>Data sets: DEMS &amp; pan-multispectral images: <a title=\"SPOT5\" href=\"https:\/\/crs.hi.is\/?page_id=546\">SPOT5<\/a>,<a title=\"Loftmyndir\" href=\"https:\/\/crs.hi.is\/?page_id=507\">\u00a0Loftmyndir<\/a>\u00a0and\u00a0<a title=\"Sams\u00fdn\" href=\"https:\/\/crs.hi.is\/?page_id=529\">Sams\u00fdn\u00a0\u00a0aerial photographs<\/a>; ArcticDEM, TanDEM-X,\u00a0 <a title=\"IS 50 V\" href=\"https:\/\/crs.hi.is\/?page_id=408\">IS 50V\u00a0data base<\/a> ; <a title=\"Volcanic systems and fissure swarm and fracture database\" href=\"https:\/\/crs.hi.is\/?page_id=379\">Volcanic systems and fissure swarm and fracture database<\/a>, Earthquake data<\/p>\n<p>Software:<\/p>\n<ul>\n<li><a title=\"ArcGIS\" href=\"https:\/\/crs.hi.is\/?page_id=117\">ArcGIS<\/a><\/li>\n<li>QGIS<\/li>\n<li>ERDAS<\/li>\n<li>Canvas<\/li>\n<li>Trimble GPS Pathfinder Office<\/li>\n<\/ul>\n","protected":false},"excerpt":{"rendered":"<p>\u00c1sta Rut Hjartard\u00f3ttir Research Topics: Mapping of fractures and eruptive fissures in: The Central Iceland Volcanic Zone, Iceland (Current project). The Northern Volcanic Rift Zone The Western Volcanic Zone Other projects: Levelling measurements (especially near Hekla volcano), and GPS geodetic &hellip; <a href=\"https:\/\/crs.hi.is\/?page_id=214\">Continue reading <span class=\"meta-nav\">&rarr;<\/span><\/a><\/p>\n","protected":false},"author":3,"featured_media":0,"parent":12,"menu_order":0,"comment_status":"closed","ping_status":"closed","template":"","meta":{"footnotes":""},"_links":{"self":[{"href":"https:\/\/crs.hi.is\/index.php?rest_route=\/wp\/v2\/pages\/214"}],"collection":[{"href":"https:\/\/crs.hi.is\/index.php?rest_route=\/wp\/v2\/pages"}],"about":[{"href":"https:\/\/crs.hi.is\/index.php?rest_route=\/wp\/v2\/types\/page"}],"author":[{"embeddable":true,"href":"https:\/\/crs.hi.is\/index.php?rest_route=\/wp\/v2\/users\/3"}],"replies":[{"embeddable":true,"href":"https:\/\/crs.hi.is\/index.php?rest_route=%2Fwp%2Fv2%2Fcomments&post=214"}],"version-history":[{"count":13,"href":"https:\/\/crs.hi.is\/index.php?rest_route=\/wp\/v2\/pages\/214\/revisions"}],"predecessor-version":[{"id":1383,"href":"https:\/\/crs.hi.is\/index.php?rest_route=\/wp\/v2\/pages\/214\/revisions\/1383"}],"up":[{"embeddable":true,"href":"https:\/\/crs.hi.is\/index.php?rest_route=\/wp\/v2\/pages\/12"}],"wp:attachment":[{"href":"https:\/\/crs.hi.is\/index.php?rest_route=%2Fwp%2Fv2%2Fmedia&parent=214"}],"curies":[{"name":"wp","href":"https:\/\/api.w.org\/{rel}","templated":true}]}}