{"id":1867,"date":"2019-12-30T09:15:03","date_gmt":"2019-12-30T09:15:03","guid":{"rendered":"https:\/\/crs.hi.is\/?page_id=1867"},"modified":"2023-05-17T16:02:52","modified_gmt":"2023-05-17T16:02:52","slug":"magnus-orn-ulfarsson","status":"publish","type":"page","link":"https:\/\/crs.hi.is\/?page_id=1867","title":{"rendered":"Magn\u00fas \u00d6rn \u00dalfarsson"},"content":{"rendered":"\r\n<h4 class=\"wp-block-heading\"><a href=\"https:\/\/www.hi.is\/starfsfolk\/mou\">Magn\u00fas \u00d6rn \u00dalfarsson<\/a><\/h4>\r\n\r\n\r\n\r\n<p>&nbsp;<\/p>\r\n\r\n\r\n\r\n<p>Research Topics: Hyper\/Multispectral Imaging, Image Processing for Remote Sensing, Machine Learning.<\/p>\r\n\r\n\r\n\r\n<p>&nbsp;<\/p>\r\n","protected":false},"excerpt":{"rendered":"<p>Magn\u00fas \u00d6rn \u00dalfarsson &nbsp; Research Topics: Hyper\/Multispectral Imaging, Image Processing for Remote Sensing, Machine Learning. &nbsp;<\/p>\n","protected":false},"author":3,"featured_media":0,"parent":12,"menu_order":0,"comment_status":"closed","ping_status":"closed","template":"","meta":{"footnotes":""},"_links":{"self":[{"href":"https:\/\/crs.hi.is\/index.php?rest_route=\/wp\/v2\/pages\/1867"}],"collection":[{"href":"https:\/\/crs.hi.is\/index.php?rest_route=\/wp\/v2\/pages"}],"about":[{"href":"https:\/\/crs.hi.is\/index.php?rest_route=\/wp\/v2\/types\/page"}],"author":[{"embeddable":true,"href":"https:\/\/crs.hi.is\/index.php?rest_route=\/wp\/v2\/users\/3"}],"replies":[{"embeddable":true,"href":"https:\/\/crs.hi.is\/index.php?rest_route=%2Fwp%2Fv2%2Fcomments&post=1867"}],"version-history":[{"count":4,"href":"https:\/\/crs.hi.is\/index.php?rest_route=\/wp\/v2\/pages\/1867\/revisions"}],"predecessor-version":[{"id":2252,"href":"https:\/\/crs.hi.is\/index.php?rest_route=\/wp\/v2\/pages\/1867\/revisions\/2252"}],"up":[{"embeddable":true,"href":"https:\/\/crs.hi.is\/index.php?rest_route=\/wp\/v2\/pages\/12"}],"wp:attachment":[{"href":"https:\/\/crs.hi.is\/index.php?rest_route=%2Fwp%2Fv2%2Fmedia&parent=1867"}],"curies":[{"name":"wp","href":"https:\/\/api.w.org\/{rel}","templated":true}]}}