{"id":1791,"date":"2019-10-02T15:04:54","date_gmt":"2019-10-02T15:04:54","guid":{"rendered":"https:\/\/crs.hi.is\/?page_id=1791"},"modified":"2019-10-02T15:08:52","modified_gmt":"2019-10-02T15:08:52","slug":"aerial-thermal-line-scanner","status":"publish","type":"page","link":"https:\/\/crs.hi.is\/?page_id=1791","title":{"rendered":"Aerial thermal line scanner"},"content":{"rendered":"\n<figure class=\"wp-block-image\"><img loading=\"lazy\" decoding=\"async\" width=\"605\" height=\"453\" src=\"https:\/\/crs.hi.is\/wp-content\/uploads\/ThermalScanner.png\" alt=\"\" class=\"wp-image-1794\" srcset=\"https:\/\/crs.hi.is\/wp-content\/uploads\/ThermalScanner.png 605w, https:\/\/crs.hi.is\/wp-content\/uploads\/ThermalScanner-300x225.png 300w, https:\/\/crs.hi.is\/wp-content\/uploads\/ThermalScanner-401x300.png 401w\" sizes=\"(max-width: 605px) 100vw, 605px\" \/><\/figure>\n\n\n\n<p>Description of instrument: Aerial thermal line scanner of the Engineering Research Institute, UoI.<\/p>\n\n\n\n<p>Location: Fluggar\u00f0ar, Reykjav\u00edk airport<\/p>\n\n\n\n<p>Supervision: Kolbeinn \u00c1rnason<\/p>\n\n\n\n<p>Daily rates: Dependent on length of flight\/survey<\/p>\n\n\n\n<p>Booking: By arrangement with Kolbeinn<\/p>\n","protected":false},"excerpt":{"rendered":"<p>Description of instrument: Aerial thermal line scanner of the Engineering Research Institute, UoI. Location: Fluggar\u00f0ar, Reykjav\u00edk airport Supervision: Kolbeinn \u00c1rnason Daily rates: Dependent on length of flight\/survey Booking: By arrangement with Kolbeinn<\/p>\n","protected":false},"author":3,"featured_media":0,"parent":318,"menu_order":0,"comment_status":"closed","ping_status":"closed","template":"","meta":{"footnotes":""},"_links":{"self":[{"href":"https:\/\/crs.hi.is\/index.php?rest_route=\/wp\/v2\/pages\/1791"}],"collection":[{"href":"https:\/\/crs.hi.is\/index.php?rest_route=\/wp\/v2\/pages"}],"about":[{"href":"https:\/\/crs.hi.is\/index.php?rest_route=\/wp\/v2\/types\/page"}],"author":[{"embeddable":true,"href":"https:\/\/crs.hi.is\/index.php?rest_route=\/wp\/v2\/users\/3"}],"replies":[{"embeddable":true,"href":"https:\/\/crs.hi.is\/index.php?rest_route=%2Fwp%2Fv2%2Fcomments&post=1791"}],"version-history":[{"count":3,"href":"https:\/\/crs.hi.is\/index.php?rest_route=\/wp\/v2\/pages\/1791\/revisions"}],"predecessor-version":[{"id":1796,"href":"https:\/\/crs.hi.is\/index.php?rest_route=\/wp\/v2\/pages\/1791\/revisions\/1796"}],"up":[{"embeddable":true,"href":"https:\/\/crs.hi.is\/index.php?rest_route=\/wp\/v2\/pages\/318"}],"wp:attachment":[{"href":"https:\/\/crs.hi.is\/index.php?rest_route=%2Fwp%2Fv2%2Fmedia&parent=1791"}],"curies":[{"name":"wp","href":"https:\/\/api.w.org\/{rel}","templated":true}]}}