{"id":12,"date":"2011-08-30T10:35:54","date_gmt":"2011-08-30T10:35:54","guid":{"rendered":"https:\/\/crs.hi.is\/?page_id=12"},"modified":"2023-09-04T08:48:05","modified_gmt":"2023-09-04T08:48:05","slug":"people","status":"publish","type":"page","link":"https:\/\/crs.hi.is\/?page_id=12","title":{"rendered":"People"},"content":{"rendered":"<p>The are many individuals use remote sensing and\/or techniques at the School of Engineering and Natural Sciences:<\/p>\n<p><strong>Scientific Staff<\/strong><\/p>\n<ul>\n<li><a href=\"https:\/\/crs.hi.is\/?page_id=1837\">\u00c1rmann H\u00f6skuldsson<\/a><\/li>\n<li><a title=\"\u00c1sta Rut Hjartard\u00f3ttir\" href=\"https:\/\/crs.hi.is\/?page_id=214\">\u00c1sta Rut Hjartard\u00f3ttir<\/a><\/li>\n<li><a href=\"https:\/\/crs.hi.is\/?page_id=1290\" target=\"_blank\" rel=\"noopener noreferrer\">Benjamin D. Hennig<\/a><\/li>\n<li><a title=\"Eyj\u00f3lfur Magn\u00fasson\" href=\"https:\/\/crs.hi.is\/?page_id=155\">Eyj\u00f3lfur Magn\u00fasson<\/a><\/li>\n<li><a href=\"https:\/\/crs.hi.is\/?page_id=2081\">Freysteinn Sigmundsson<\/a><\/li>\n<li><a title=\"Finnur P\u00e1lsson\" href=\"https:\/\/crs.hi.is\/?page_id=159\">Finnur P\u00e1lsson<\/a><\/li>\n<li><a href=\"https:\/\/www.hi.is\/starfsfolk\/gcavallaro\">Gabriele Cavallaro<\/a><\/li>\n<li><a href=\"https:\/\/english.hi.is\/staff\/gregoryp\">Gregory Paul De Pascale<\/a><\/li>\n<li><a title=\"Gro Pedersen\" href=\"https:\/\/crs.hi.is\/?page_id=31\">Gro Birkefeldt M\u00f8ller Pedersen<\/a><\/li>\n<li><a title=\"Helgi Bj\u00f6rnsson\" href=\"https:\/\/crs.hi.is\/?page_id=147\">Helgi Bj\u00f6rnsson<\/a><\/li>\n<li><a href=\"https:\/\/crs.hi.is\/?page_id=1525\">Helmut Neukirchen<\/a><\/li>\n<li><a title=\"Ingibj\u00f6rg J\u00f3nsd\u00f3ttir\" href=\"https:\/\/crs.hi.is\/?page_id=824\">Ingibj\u00f6rg J\u00f3nsd\u00f3ttir<\/a><\/li>\n<li><a href=\"https:\/\/crs.hi.is\/?page_id=1537\">\u00cdvar \u00d6rn Benediktsson<\/a><\/li>\n<li><a href=\"https:\/\/crs.hi.is\/?page_id=1943\">Jakob Sigur\u00f0sson<\/a><\/li>\n<li><a title=\"J\u00f3n Atli Benediktsson\" href=\"https:\/\/crs.hi.is\/?page_id=1041\">J\u00f3n Atli Benediktsson<\/a><\/li>\n<li><a href=\"https:\/\/crs.hi.is\/?page_id=1867\">Magn\u00fas \u00d6rn \u00dalfarsson<\/a><\/li>\n<li><a href=\"https:\/\/www.hi.is\/staff\/morris\">Morris Riedel<\/a><\/li>\n<li><a href=\"https:\/\/crs.hi.is\/?page_id=1746\">Sigur\u00f0ur Magn\u00fas Gar\u00f0arsson<\/a><\/li>\n<li><a title=\"Sverrir Gu\u00f0mundsson\" href=\"https:\/\/crs.hi.is\/?page_id=150\">Sverrir Gu\u00f0mundsson<\/a><\/li>\n<li><a href=\"https:\/\/crs.hi.is\/?page_id=1754\">Throstur Thorsteinsson<\/a><\/li>\n<\/ul>\n<p><strong>PhD Students<\/strong>I<\/p>\n<ul>\n<li><a href=\"https:\/\/crs.hi.is\/?page_id=1766\">Bin Zhao<\/a><\/li>\n<li><a href=\"https:\/\/crs.hi.is\/?page_id=1650\">Darri Eythorsson<\/a><\/li>\n<li><a href=\"https:\/\/crs.hi.is\/?page_id=1532\">Ernir Erlingsson<\/a><\/li>\n<li><a href=\"https:\/\/crs.hi.is\/?page_id=1615\">N\u00edna Arad\u00f3ttir<\/a><\/li>\n<\/ul>\n","protected":false},"excerpt":{"rendered":"<p>The are many individuals use remote sensing and\/or techniques at the School of Engineering and Natural Sciences: Scientific Staff \u00c1rmann H\u00f6skuldsson \u00c1sta Rut Hjartard\u00f3ttir Benjamin D. Hennig Eyj\u00f3lfur Magn\u00fasson Freysteinn Sigmundsson Finnur P\u00e1lsson Gabriele Cavallaro Gregory Paul De Pascale Gro &hellip; <a href=\"https:\/\/crs.hi.is\/?page_id=12\">Continue reading <span class=\"meta-nav\">&rarr;<\/span><\/a><\/p>\n","protected":false},"author":3,"featured_media":0,"parent":0,"menu_order":1,"comment_status":"closed","ping_status":"closed","template":"","meta":{"footnotes":""},"_links":{"self":[{"href":"https:\/\/crs.hi.is\/index.php?rest_route=\/wp\/v2\/pages\/12"}],"collection":[{"href":"https:\/\/crs.hi.is\/index.php?rest_route=\/wp\/v2\/pages"}],"about":[{"href":"https:\/\/crs.hi.is\/index.php?rest_route=\/wp\/v2\/types\/page"}],"author":[{"embeddable":true,"href":"https:\/\/crs.hi.is\/index.php?rest_route=\/wp\/v2\/users\/3"}],"replies":[{"embeddable":true,"href":"https:\/\/crs.hi.is\/index.php?rest_route=%2Fwp%2Fv2%2Fcomments&post=12"}],"version-history":[{"count":15,"href":"https:\/\/crs.hi.is\/index.php?rest_route=\/wp\/v2\/pages\/12\/revisions"}],"predecessor-version":[{"id":2286,"href":"https:\/\/crs.hi.is\/index.php?rest_route=\/wp\/v2\/pages\/12\/revisions\/2286"}],"wp:attachment":[{"href":"https:\/\/crs.hi.is\/index.php?rest_route=%2Fwp%2Fv2%2Fmedia&parent=12"}],"curies":[{"name":"wp","href":"https:\/\/api.w.org\/{rel}","templated":true}]}}